{"id":2548,"date":"2025-07-24T14:49:19","date_gmt":"2025-07-24T12:49:19","guid":{"rendered":"https:\/\/www.spiritmediumandrea.sk\/?page_id=2548"},"modified":"2025-07-24T15:46:33","modified_gmt":"2025-07-24T13:46:33","slug":"zasady-ochrany-osobnych-udajov-gdpr","status":"publish","type":"page","link":"https:\/\/www.spiritmediumandrea.sk\/en\/zasady-ochrany-osobnych-udajov-gdpr\/","title":{"rendered":"Privacy Policy (GDPR)"},"content":{"rendered":"<div data-elementor-type=\"wp-page\" data-elementor-id=\"2548\" class=\"elementor elementor-2548\" data-elementor-post-type=\"page\">\n\t\t\t\t<div class=\"elementor-element elementor-element-8959af2 e-flex e-con-boxed e-con e-parent\" data-id=\"8959af2\" data-element_type=\"container\" data-e-type=\"container\" data-settings=\"{&quot;background_background&quot;:&quot;classic&quot;}\">\n\t\t\t\t\t<div class=\"e-con-inner\">\n\t\t\t\t<div class=\"elementor-element elementor-element-6b0a3cd elementor-widget elementor-widget-heading\" data-id=\"6b0a3cd\" data-element_type=\"widget\" data-e-type=\"widget\" data-widget_type=\"heading.default\">\n\t\t\t\t\t<h2 class=\"elementor-heading-title elementor-size-default\">Cookie Policy (EU)<\/h2>\t\t\t\t<\/div>\n\t\t\t\t<div class=\"elementor-element elementor-element-b72dfdc elementor-widget elementor-widget-text-editor\" data-id=\"b72dfdc\" data-element_type=\"widget\" data-e-type=\"widget\" data-widget_type=\"text-editor.default\">\n\t\t\t\t\t\t\t\t\t<ol><li><p>OZNA\u010cENIE PREV\u00c1DZKOVATE\u013dA A V\u0160EOBECN\u00c9 INFORM\u00c1CIE<br \/>Fyzick\u00e1 osoba \u2013 podnikate\u013eka Ing. Andrea Jur\u010d\u00edkov\u00e1, so s\u00eddlom 082 21 Ve\u013ek\u00fd \u0160ari\u0161 &#8211; Kana\u0161, ul. Za kostolom 14\/A, Slovensko (\u010falej ako \u201ePrev\u00e1dzkovate\u013e\u201c) prev\u00e1dzkuje webov\u00fd port\u00e1l <a href=\"http:\/\/www.spiritmediumandrea.sk\/en\/\">www.spiritmediumandrea.sk<\/a> (\u010falej ako \u201ePort\u00e1l\u201c), na ktorom s\u00fa zhroma\u017e\u010fovan\u00e9 \u00fadaje o fyzick\u00fdch osob\u00e1ch.<\/p><\/li><\/ol><p>V s\u00favislosti so slu\u017ebami poskytovan\u00fdmi Prev\u00e1dzkovate\u013eom na Port\u00e1li doch\u00e1dza aj ku sprac\u00favaniu osobn\u00fdch \u00fadajov fyzick\u00fdch os\u00f4b, ktor\u00e9 vyu\u017e\u00edvaj\u00fa slu\u017eby Prev\u00e1dzkovate\u013ea (\u010falej len \u201edotknut\u00e9 osoby\u201c). Za \u00fa\u010delom spravodliv\u00e9ho a transparentn\u00e9ho sprac\u00favania osobn\u00fdch \u00fadajov dotknut\u00fdch os\u00f4b obsahuj\u00fa tieto z\u00e1sady ochrany osobn\u00fdch \u00fadajov (\u010falej ako \u201eZ\u00e1sady\u201c) inform\u00e1cie o sprac\u00favan\u00ed Va\u0161ich osobn\u00fdch \u00fadajov ako dotknutej osoby, ku ktor\u00e9mu doch\u00e1dza na Port\u00e1li, ako aj prostredn\u00edctvom profilov Prev\u00e1dzkovate\u013ea na soci\u00e1lnych sie\u0165ach Facebook a Instagram.<\/p><p>Prev\u00e1dzkovate\u013e sprac\u00fava Va\u0161e osobn\u00e9 \u00fadaje v s\u00falade s Nariaden\u00edm Eur\u00f3pskeho parlamentu a Rady Eur\u00f3pskej \u00danie 2016\/679 o ochrane fyzick\u00fdch os\u00f4b pri sprac\u00favan\u00ed osobn\u00fdch \u00fadajov a o vo\u013enom pohybe tak\u00fdchto \u00fadajov, ktor\u00fdm sa zru\u0161uje smernica 95\/46\/ES (v\u0161eobecn\u00e9 nariadenie o ochrane \u00fadajov) (\u010falej ako \u201eNariadenie\u201c), pr\u00edslu\u0161n\u00fdmi slovensk\u00fdmi pr\u00e1vnymi predpismi, najm\u00e4 z\u00e1konom \u010d. 18\/2018 Z. z. o ochrane osobn\u00fdch \u00fadajov a o zmene a doplnen\u00ed niektor\u00fdch z\u00e1konov (\u010falej ako \u201eZ\u00e1kon\u201c) a ostatn\u00fdmi predpismi o ochrane osobn\u00fdch \u00fadajov.<\/p><p>Prostredn\u00edctvom t\u00fdchto v\u0161eobecn\u00fdch z\u00e1sad ochrany osobn\u00fdch \u00fadajov (\u010falej aj ako \u201eZ\u00e1sady\u201c) si Prev\u00e1dzkovate\u013e pln\u00ed informa\u010dn\u00fa povinnos\u0165 vo\u010di v\u0161etk\u00fdm dotknut\u00fdm osob\u00e1m tak v pr\u00edpade, ak Prev\u00e1dzkovate\u013e z\u00edskal osobn\u00e9 \u00fadaje priamo od V\u00e1s ako dotknutej osoby ako aj v pr\u00edpade, ak z\u00edskal Va\u0161e osobn\u00e9 \u00fadaje z in\u00e9ho zdroja.<\/p><p>Ni\u017e\u0161ie n\u00e1jdete v\u0161eobecn\u00e9 inform\u00e1cie o kontaktn\u00fdch \u00fadajoch Prev\u00e1dzkovate\u013ea, pr\u00edjemcoch osobn\u00fdch \u00fadajov, prenose osobn\u00fdch \u00fadajov do tret\u00edch kraj\u00edn a osobitn\u00e9 ustanovenia o pr\u00e1vach dotknut\u00fdch os\u00f4b.<\/p><p>V s\u00favislosti so zabezpe\u010den\u00edm osobn\u00fdch \u00fadajov prijal Prev\u00e1dzkovate\u013e pr\u00edslu\u0161n\u00fa intern\u00fa dokument\u00e1ciu, v ktorej s\u00fa bli\u017e\u0161ie \u0161pecifikovan\u00e9 primeran\u00e9 bezpe\u010dnostn\u00e9 opatrenia, ktor\u00e9 boli za \u00fa\u010delom zabezpe\u010denia Va\u0161ich osobn\u00fdch \u00fadajov Prev\u00e1dzkovate\u013eom prijat\u00e9, a ktor\u00e9 Prev\u00e1dzkovate\u013e na Port\u00e1l implementoval.<\/p><ol start=\"2\"><li><p>KONTAKTN\u00c9 \u00daDAJE PREV\u00c1DZKOVATE\u013dA<br \/>Prev\u00e1dzkovate\u013ea m\u00f4\u017eete vo veciach t\u00fdkaj\u00facich sa sprac\u00favania a ochrany osobn\u00fdch \u00fadajov kontaktova\u0165 na adrese:<\/p><\/li><\/ol><p>Ing. Andrea Jur\u010d\u00edkov\u00e1<br \/>082 21 Ve\u013ek\u00fd \u0160ari\u0161 &#8211; Kana\u0161<br \/>ul. Za kostolom 14\/A<br \/>Slovensko<br \/>Webov\u00e1 str\u00e1nka: <a href=\"https:\/\/www.spiritmediumandrea.sk\/en\/\">https:\/\/www.spiritmediumandrea.sk<\/a><br \/>E-mail: <a href=\"mailto:info@spiritmediumandrea.sk\">info@spiritmediumandrea.sk<\/a><br \/>Telef\u00f3n: +421 948 557 431<\/p><p>(Pokra\u010dovanie dokumentu ost\u00e1va nezmenen\u00e9. Ak si \u017eel\u00e1te upravi\u0165 aj \u010fal\u0161ie \u010dasti \u2013 napr\u00edklad zmeni\u0165 men\u00e1, e-mailov\u00e9 adresy alebo port\u00e1l aj v zvy\u0161ku textu \u2013 sta\u010d\u00ed da\u0165 vedie\u0165.)<\/p><h3>3.\u00a0\u00a0\u00a0\u00a0\u00a0 KATEG\u00d3RIE SPRAC\u00daVAN\u00ddCH OSOBN\u00ddCH \u00daDAJOV, \u00da\u010cELY SPRAC\u00daVANIA, PR\u00c1VNE Z\u00c1KLADY, DOBA UCHOV\u00c1VANIA<\/h3><p>Prev\u00e1dzkovate\u013e sprac\u00fava Va\u0161e osobn\u00e9 \u00fadaje iba na vopred stanoven\u00e9 \u00fa\u010dely, po obmedzen\u00fa dobu a s vyu\u017eit\u00edm maxim\u00e1lnej mo\u017enej miery zabezpe\u010denia. Prev\u00e1dzkovate\u013e sprac\u00fava Va\u0161e osobn\u00e9 \u00fadaje v s\u00falade so z\u00e1sadou minimaliz\u00e1cie a obmedzenia \u00fa\u010delu, t. j. len v rozsahu potrebnom na dosiahnutie stanoven\u00e9ho \u00fa\u010delu sprac\u00favania. Prev\u00e1dzkovate\u013e pri sprac\u00favan\u00ed Va\u0161ich osobn\u00fdch \u00fadajov taktie\u017e dodr\u017eiava\u00a0<strong>z\u00e1sadu minimaliz\u00e1cie uchov\u00e1vania a sprac\u00fava Va\u0161e osobn\u00e9 \u00fadaje len po vopred stanoven\u00fa, \u010dasovo obmedzen\u00fa dobu. V pr\u00edpade Va\u0161ej n\u00e1v\u0161tevy Port\u00e1lu<\/strong>\u00a0(a pr\u00edpadnej registr\u00e1cie na Port\u00e1li)\u00a0<strong>sprac\u00fava Prev\u00e1dzkovate\u013e Va\u0161e osobn\u00e9 \u00fadaje na z\u00e1klade nasleduj\u00facich pr\u00e1vnych z\u00e1kladov a na nasleduj\u00face \u00fa\u010dely<\/strong>:<\/p><table width=\"978\"><tbody><tr><td><strong>Va\u0161e osobn\u00e9 \u00fadaje sprac\u00favame vtedy, ak je to nevyhnutn\u00e9 na plnenie uzatvorenej zmluvy alebo realiz\u00e1ciu predzmluvn\u00fdch vz\u0165ahov<\/strong>\u00a0(<u>pr\u00e1vnym z\u00e1kladom je \u010dl. 6 ods. 1. p\u00edsm. b) Nariadenia<\/u>). Pri plnen\u00ed zmluvy a\/alebo realiz\u00e1ci\u00ed predzmluvn\u00fdch vz\u0165ahov sprac\u00favame Va\u0161e osobn\u00e9 \u00fadaje na nasleduj\u00face \u00fa\u010dely:<\/td><\/tr><\/tbody><\/table><table width=\"978\"><tbody><tr><td><strong>\u00da\u010del sprac\u00favania<\/strong><\/td><td><strong>Vedenie z\u00e1kazn\u00edckych \u00fa\u010dtov a poskytovanie slu\u017eieb s t\u00fdm spojen\u00fdch na z\u00e1klade v\u0161eobecn\u00fdch obchodn\u00fdch podmienok pre t\u00fato slu\u017ebu (v pr\u00edpade, ak sa n\u00e1v\u0161tevn\u00edk rozhodnete zaregistrova\u0165 cez registra\u010dn\u00fd formul\u00e1r pre n\u00e1v\u0161tevn\u00edkov na Port\u00e1li)<\/strong>, vr\u00e1tane zverej\u0148ovanie koment\u00e1rov a hodnoten\u00ed \u017divnostn\u00edkov na Port\u00e1li<\/td><\/tr><tr><td><strong>Rozsah sprac\u00favan\u00fdch osobn\u00fdch \u00fadajov<\/strong><\/td><td>Prez\u00fdvka (Nick), e-mailov\u00e1 adresa, heslo, a meno a ID \u00fa\u010dtu na soci\u00e1lnej sieti (v pr\u00edpade prihl\u00e1senia sa cez \u00fa\u010det na soci\u00e1lnej sieti Facebook)<\/td><\/tr><tr><td><strong>Doba uchov\u00e1vania<\/strong><\/td><td>Po\u010das trvania zmluvn\u00e9ho vz\u0165ahu (do vymazania \u00fa\u010dtu alebo 6 mesiacov odo d\u0148a posledn\u00e9ho prihl\u00e1senia) a po z\u00e1niku zmluvn\u00e9ho vz\u0165ahu v nevyhnutnom rozsahu do \u00fapln\u00e9ho vyporiadania pr\u00e1vnych a in\u00fdch n\u00e1rokov vypl\u00fdvaj\u00facich zo zmluvn\u00e9ho vz\u0165ahu<\/td><\/tr><\/tbody><\/table><table width=\"978\"><tbody><tr><td><strong>Va\u0161e osobn\u00e9 \u00fadaje sprac\u00favame aj vtedy, ak je to nevyhnutn\u00e9 na plnenie na\u0161ich z\u00e1konn\u00fdch povinnost\u00ed ako Prev\u00e1dzkovate\u013ea<\/strong>\u00a0(<u>pr\u00e1vnym z\u00e1kladom je \u010dl. 6 ods. 1. p\u00edsm. c) Nariadenia<\/u>). Pri plnen\u00ed z\u00e1konn\u00fdch povinnost\u00ed m\u00f4\u017eu by\u0165 Va\u0161e osobn\u00e9 \u00fadaje sprac\u00favan\u00e9 na nasledovn\u00e9 \u00fa\u010dely:<\/td><\/tr><\/tbody><\/table><table width=\"978\"><tbody><tr><td><strong>\u00da\u010del sprac\u00favania<\/strong><\/td><td><strong>Plnenie z\u00e1konn\u00fdch povinnost\u00ed s\u00favisiacich s uzatvoren\u00edm zmluvy na dia\u013eku (napr. informa\u010dn\u00e9 povinnosti t\u00fdkaj\u00face sa odst\u00fapenia od zmluvy)<\/strong><\/td><\/tr><tr><td><strong>Rozsah sprac\u00favan\u00fdch osobn\u00fdch \u00fadajov<\/strong><\/td><td>Be\u017en\u00e9 osobn\u00e9 \u00fadaje poskytnut\u00e9 pri plnen\u00ed zmluvn\u00e9ho vz\u0165ahu (najm\u00e4 kontaktn\u00e9 \u00fadaje)<\/td><\/tr><tr><td><strong>Doba uchov\u00e1vania<\/strong><\/td><td>Po\u010das trvania zmluvy uzatvorenej na dia\u013eku a do \u00fapln\u00e9ho vyporiadania pr\u00e1vnych a in\u00fdch n\u00e1rokov plyn\u00facich zo zmluvy uzatvorenej na dia\u013eku<\/td><\/tr><\/tbody><\/table><table width=\"978\"><tbody><tr><td><strong>\u00da\u010del sprac\u00favania<\/strong><\/td><td><strong>Vybavovanie uplatnen\u00fdch pr\u00e1v a \u017eiadost\u00ed dotknut\u00fdch os\u00f4b pod\u013ea Nariadenia (napr. \u017eiados\u0165 na pr\u00edstup, odvolanie s\u00fahlasu a podobne)<\/strong><\/td><\/tr><tr><td><strong>Rozsah sprac\u00favan\u00fdch osobn\u00fdch \u00fadajov<\/strong><\/td><td>Be\u017en\u00e9 osobn\u00e9 \u00fadaje, ktor\u00e9 s\u00fa s\u00fa\u010das\u0165ou \u017eiadosti<\/td><\/tr><tr><td><strong>Doba uchov\u00e1vania<\/strong><\/td><td>Do vybavenia uplatnen\u00fdch pr\u00e1v v lehot\u00e1ch ustanoven\u00fdch Nariaden\u00edm<\/td><\/tr><\/tbody><\/table><table width=\"978\"><tbody><tr><td><strong>Va\u0161e osobn\u00e9 \u00fadaje sprac\u00favame v pr\u00edpade, ak je to nevyhnutn\u00e9 na \u00fa\u010dely opr\u00e1vnen\u00fdch z\u00e1ujmov, ktor\u00e9 ako Prev\u00e1dzkovate\u013e sledujeme, pri\u010dom ide aj o v\u0161eobecn\u00e9 opr\u00e1vnen\u00e9 z\u00e1ujmy verejnosti ako takej<\/strong>\u00a0(<u>pr\u00e1vnym z\u00e1kladom je \u010dl. 6 ods. 1. p\u00edsm. f) Nariadenia<\/u>). Na z\u00e1klade tohto pr\u00e1vneho z\u00e1kladu s\u00fa sprac\u00favan\u00e9 Va\u0161e osobn\u00e9 \u00fadaje na nasleduj\u00face \u00fa\u010dely:<\/td><\/tr><\/tbody><\/table><table width=\"978\"><tbody><tr><td><strong>\u00da\u010del sprac\u00favania<\/strong><\/td><td><strong>Odpovedanie na spr\u00e1vy a vybavovanie dotazov \/ \u017eiadost\u00ed zo spr\u00e1v, ktor\u00e9 s\u00fa doru\u010den\u00e9 Prev\u00e1dzkovate\u013eovi prostredn\u00edctvom kontaktn\u00e9ho formul\u00e1ra na webovej str\u00e1nke, profilu na soci\u00e1lnych sie\u0165ach, e-mailom alebo telefonicky<\/strong><\/td><\/tr><tr><td><strong>Sledovan\u00e9 opr\u00e1vnen\u00e9 z\u00e1ujmy:<\/strong><\/td><td><strong>(i)<\/strong>\u00a0vybavovanie doru\u010den\u00fdch spr\u00e1v a \u017eiadost\u00ed,\u00a0<strong>(ii)<\/strong>\u00a0z\u00edskavanie nov\u00fdch registrovan\u00fdch u\u017e\u00edvate\u013eov Port\u00e1lu a\u00a0<strong>(iii)<\/strong>\u00a0zabezpe\u010denie riadneho vedenia obchodnej komunik\u00e1cie<\/td><\/tr><tr><td><strong>Rozsah sprac\u00favan\u00fdch osobn\u00fdch \u00fadajov<\/strong><\/td><td>Meno, priezvisko, telef\u00f3nne \u010d\u00edslo, e-mailov\u00e1 adresa, in\u00e9 osobn\u00e9 \u00fadaje uveden\u00e9 v spr\u00e1ve<\/td><\/tr><tr><td><strong>Doba uchov\u00e1vania<\/strong><\/td><td>60 dn\u00ed odo d\u0148a doru\u010denia spr\u00e1vy alebo do vybavenia \u017eiadosti v nej obsiahnutej, pod\u013ea toho, ktor\u00e1 skuto\u010dnos\u0165 nastane sk\u00f4r.<\/td><\/tr><\/tbody><\/table><table width=\"978\"><tbody><tr><td><strong>\u00da\u010del sprac\u00favania<\/strong><\/td><td><strong>Evidencia uplatnen\u00fdch pr\u00e1v dotknut\u00fdch os\u00f4b a sp\u00f4sobov, ak\u00fdm boli vybaven\u00e9 (napr. \u017eiados\u0165 na pr\u00edstup, odvolanie s\u00fahlasu a podobne)<\/strong><\/td><\/tr><tr><td><strong>Sledovan\u00e9 opr\u00e1vnen\u00e9 z\u00e1ujmy:<\/strong><\/td><td>Zabezpe\u010denie evidencie a zdokladovania sp\u00f4sobu, ak\u00fdm Prev\u00e1dzkovate\u013e vybavuje \u017eiadosti dotknut\u00fdch os\u00f4b pre potreby preuk\u00e1zania dozorn\u00e9mu org\u00e1nu, \u017ee si pln\u00ed povinnosti vypl\u00fdvaj\u00face mu z pr\u00edslu\u0161n\u00fdch ustanoven\u00ed predpisov o ochrane osobn\u00fdch \u00fadajov<\/td><\/tr><tr><td><strong>Rozsah sprac\u00favan\u00fdch osobn\u00fdch \u00fadajov<\/strong><\/td><td>Be\u017en\u00e9 osobn\u00e9 \u00fadaje uveden\u00e9 v \u017eiadosti<\/td><\/tr><tr><td><strong>Doba uchov\u00e1vania<\/strong><\/td><td>5 rokov odo d\u0148a vybavenia \u017eiadosti;<\/td><\/tr><\/tbody><\/table><table width=\"978\"><tbody><tr><td><strong>Va\u0161e osobn\u00e9 \u00fadaje m\u00f4\u017eeme sprac\u00fava\u0165 aj vtedy, ak n\u00e1m na ich sprac\u00favanie ako dotknut\u00e1 osoba udel\u00edte V\u00e1\u0161 v\u00fdslovn\u00fd s\u00fahlas<\/strong>\u00a0(<u>pr\u00e1vnym z\u00e1kladom je \u010dl. 6 ods. 1. p\u00edsm. a) Nariadenia<\/u>). Na z\u00e1klade V\u00e1\u0161ho s\u00fahlasu (ak n\u00e1m ho udel\u00edte) sprac\u00favame Va\u0161e osobn\u00e9 \u00fadaje na nasleduj\u00face \u00fa\u010dely:<\/td><\/tr><\/tbody><\/table><table width=\"978\"><tbody><tr><td><strong>\u00da\u010del sprac\u00favania<\/strong><\/td><td><strong>Posielanie inform\u00e1ci\u00ed o aktu\u00e1lnej ponuke slu\u017eieb Prev\u00e1dzkovate\u013ea (priamy marketing \u2013 newsletter)<\/strong><\/td><\/tr><tr><td><strong>Rozsah sprac\u00favan\u00fdch osobn\u00fdch \u00fadajov<\/strong><\/td><td>E-mail Address<\/td><\/tr><tr><td><strong>Doba uchov\u00e1vania<\/strong><\/td><td>3 roky odo d\u0148a udelenia s\u00fahlasu alebo do jeho odvolania, pod\u013ea toho, ktor\u00e1 skuto\u010dnos\u0165 nastane sk\u00f4r<\/td><\/tr><\/tbody><\/table><table width=\"978\"><tbody><tr><td><strong>\u00da\u010del sprac\u00favania<\/strong><\/td><td><strong>Meranie n\u00e1v\u0161tevnosti webovej str\u00e1nky, cielenie online reklamy Prev\u00e1dzkovate\u013ea prostredn\u00edctvom extern\u00fdch slu\u017eieb (ukladanie s\u00faborov cookies, vr\u00e1tane cookies tret\u00edch str\u00e1n)<\/strong><\/td><\/tr><tr><td><strong>Rozsah sprac\u00favan\u00fdch osobn\u00fdch \u00fadajov<\/strong><\/td><td>IP adresa, preferencie v online prostred\u00ed a in\u00e9 \u00fadaje o aktivite na webe<\/td><\/tr><tr><td><strong>Doba uchov\u00e1vania<\/strong><\/td><td>V z\u00e1vislosti od druhu s\u00faboru cookie (doby jeho expir\u00e1cie). Podrobn\u00e9 inform\u00e1cie o pou\u017e\u00edvan\u00fdch s\u00faboroch cookies na webovej str\u00e1nke n\u00e1jdete v podstr\u00e1nke\u00a0<a href=\"https:\/\/www.spiritmediumandrea.sk\/en\/zasady-pouzivania-suborov-cookie-eu\/\" target=\"_blank\" rel=\"noopener\"><strong>Cookies<\/strong><\/a>.<\/td><\/tr><\/tbody><\/table><h3>\u00a0<\/h3><h3>4.\u00a0\u00a0\u00a0\u00a0\u00a0 PLATNOS\u0164<\/h3><p>Platnos\u0165 t\u00fdchto inform\u00e1ci\u00ed o sprac\u00favan\u00ed osobn\u00fdch \u00fadajov pre dotknut\u00e9 osoby \u2013 n\u00e1v\u0161tevn\u00edkov sa spravuje platnos\u0165ou v\u0161eobecn\u00fdch Z\u00e1sad ochrany osobn\u00fdch \u00fadajov zverejnen\u00fdch na Port\u00e1li. Na Port\u00e1li s\u00fa v\u017edy zverejnen\u00e9 aktu\u00e1lne platn\u00e9 a \u00fa\u010dinn\u00e9 inform\u00e1cie o sprac\u00favan\u00ed osobn\u00fdch \u00fadajov Prev\u00e1dzkovate\u013eom.<\/p>\t\t\t\t\t\t\t\t<\/div>\n\t\t\t\t\t<\/div>\n\t\t\t\t<\/div>\n\t\t\t\t<\/div>","protected":false},"excerpt":{"rendered":"<p>Z\u00e1sady pou\u017e\u00edvania s\u00faborov cookie (E\u00da) OZNA\u010cENIE PREV\u00c1DZKOVATE\u013dA A V\u0160EOBECN\u00c9 INFORM\u00c1CIEFyzick\u00e1 osoba \u2013 podnikate\u013eka Ing. Andrea Jur\u010d\u00edkov\u00e1, so s\u00eddlom 082 21 Ve\u013ek\u00fd \u0160ari\u0161 &#8211; Kana\u0161, ul. Za kostolom 14\/A, Slovensko (\u010falej ako \u201ePrev\u00e1dzkovate\u013e\u201c) prev\u00e1dzkuje webov\u00fd port\u00e1l www.spiritmediumandrea.sk (\u010falej ako \u201ePort\u00e1l\u201c), na ktorom s\u00fa zhroma\u017e\u010fovan\u00e9 \u00fadaje o fyzick\u00fdch osob\u00e1ch. V s\u00favislosti so slu\u017ebami poskytovan\u00fdmi Prev\u00e1dzkovate\u013eom na Port\u00e1li [&hellip;]<\/p>\n","protected":false},"author":3,"featured_media":0,"parent":0,"menu_order":0,"comment_status":"closed","ping_status":"closed","template":"elementor_header_footer","meta":{"_glsr_average":0,"_glsr_ranking":0,"_glsr_reviews":0,"footnotes":""},"class_list":["post-2548","page","type-page","status-publish","hentry"],"yoast_head":"<!-- This site is optimized with the Yoast SEO plugin v27.4 - https:\/\/yoast.com\/product\/yoast-seo-wordpress\/ -->\n<title>Z\u00e1sady ochrany osobn\u00fdch \u00fadajov (GDPR) - Ing. Andrea Jurcikov\u00e1<\/title>\n<meta name=\"robots\" content=\"index, follow, max-snippet:-1, max-image-preview:large, max-video-preview:-1\" \/>\n<link rel=\"canonical\" href=\"https:\/\/www.spiritmediumandrea.sk\/en\/zasady-ochrany-osobnych-udajov-gdpr\/\" \/>\n<meta property=\"og:locale\" content=\"en_US\" \/>\n<meta property=\"og:type\" content=\"article\" \/>\n<meta property=\"og:title\" content=\"Z\u00e1sady ochrany osobn\u00fdch \u00fadajov (GDPR) - Ing. Andrea Jurcikov\u00e1\" \/>\n<meta property=\"og:description\" content=\"Z\u00e1sady pou\u017e\u00edvania s\u00faborov cookie (E\u00da) OZNA\u010cENIE PREV\u00c1DZKOVATE\u013dA A V\u0160EOBECN\u00c9 INFORM\u00c1CIEFyzick\u00e1 osoba \u2013 podnikate\u013eka Ing. Andrea Jur\u010d\u00edkov\u00e1, so s\u00eddlom 082 21 Ve\u013ek\u00fd \u0160ari\u0161 &#8211; Kana\u0161, ul. Za kostolom 14\/A, Slovensko (\u010falej ako \u201ePrev\u00e1dzkovate\u013e\u201c) prev\u00e1dzkuje webov\u00fd port\u00e1l www.spiritmediumandrea.sk (\u010falej ako \u201ePort\u00e1l\u201c), na ktorom s\u00fa zhroma\u017e\u010fovan\u00e9 \u00fadaje o fyzick\u00fdch osob\u00e1ch. V s\u00favislosti so slu\u017ebami poskytovan\u00fdmi Prev\u00e1dzkovate\u013eom na Port\u00e1li [&hellip;]\" \/>\n<meta property=\"og:url\" content=\"https:\/\/www.spiritmediumandrea.sk\/en\/zasady-ochrany-osobnych-udajov-gdpr\/\" \/>\n<meta property=\"og:site_name\" content=\"Ing. Andrea Jurcikov\u00e1\" \/>\n<meta property=\"article:modified_time\" content=\"2025-07-24T13:46:33+00:00\" \/>\n<meta name=\"twitter:card\" content=\"summary_large_image\" \/>\n<meta name=\"twitter:label1\" content=\"Est. reading time\" \/>\n\t<meta name=\"twitter:data1\" content=\"7 minutes\" \/>\n<script type=\"application\/ld+json\" class=\"yoast-schema-graph\">{\"@context\":\"https:\\\/\\\/schema.org\",\"@graph\":[{\"@type\":\"WebPage\",\"@id\":\"https:\\\/\\\/www.spiritmediumandrea.sk\\\/zasady-ochrany-osobnych-udajov-gdpr\\\/\",\"url\":\"https:\\\/\\\/www.spiritmediumandrea.sk\\\/zasady-ochrany-osobnych-udajov-gdpr\\\/\",\"name\":\"Z\u00e1sady ochrany osobn\u00fdch \u00fadajov (GDPR) - Ing. Andrea Jurcikov\u00e1\",\"isPartOf\":{\"@id\":\"https:\\\/\\\/www.spiritmediumandrea.sk\\\/#website\"},\"datePublished\":\"2025-07-24T12:49:19+00:00\",\"dateModified\":\"2025-07-24T13:46:33+00:00\",\"breadcrumb\":{\"@id\":\"https:\\\/\\\/www.spiritmediumandrea.sk\\\/zasady-ochrany-osobnych-udajov-gdpr\\\/#breadcrumb\"},\"inLanguage\":\"en-US\",\"potentialAction\":[{\"@type\":\"ReadAction\",\"target\":[\"https:\\\/\\\/www.spiritmediumandrea.sk\\\/zasady-ochrany-osobnych-udajov-gdpr\\\/\"]}]},{\"@type\":\"BreadcrumbList\",\"@id\":\"https:\\\/\\\/www.spiritmediumandrea.sk\\\/zasady-ochrany-osobnych-udajov-gdpr\\\/#breadcrumb\",\"itemListElement\":[{\"@type\":\"ListItem\",\"position\":1,\"name\":\"Domovsk\u00e1 str\u00e1nka\",\"item\":\"https:\\\/\\\/www.spiritmediumandrea.sk\\\/\"},{\"@type\":\"ListItem\",\"position\":2,\"name\":\"Z\u00e1sady ochrany osobn\u00fdch \u00fadajov (GDPR)\"}]},{\"@type\":\"WebSite\",\"@id\":\"https:\\\/\\\/www.spiritmediumandrea.sk\\\/#website\",\"url\":\"https:\\\/\\\/www.spiritmediumandrea.sk\\\/\",\"name\":\"Ing. Andrea Jurcikov\u00e1\",\"description\":\"Poradenstvo a terapie\",\"potentialAction\":[{\"@type\":\"SearchAction\",\"target\":{\"@type\":\"EntryPoint\",\"urlTemplate\":\"https:\\\/\\\/www.spiritmediumandrea.sk\\\/?s={search_term_string}\"},\"query-input\":{\"@type\":\"PropertyValueSpecification\",\"valueRequired\":true,\"valueName\":\"search_term_string\"}}],\"inLanguage\":\"en-US\"}]}<\/script>\n<!-- \/ Yoast SEO plugin. -->","yoast_head_json":{"title":"Z\u00e1sady ochrany osobn\u00fdch \u00fadajov (GDPR) - Ing. Andrea Jurcikov\u00e1","robots":{"index":"index","follow":"follow","max-snippet":"max-snippet:-1","max-image-preview":"max-image-preview:large","max-video-preview":"max-video-preview:-1"},"canonical":"https:\/\/www.spiritmediumandrea.sk\/en\/zasady-ochrany-osobnych-udajov-gdpr\/","og_locale":"en_US","og_type":"article","og_title":"Z\u00e1sady ochrany osobn\u00fdch \u00fadajov (GDPR) - Ing. Andrea Jurcikov\u00e1","og_description":"Z\u00e1sady pou\u017e\u00edvania s\u00faborov cookie (E\u00da) OZNA\u010cENIE PREV\u00c1DZKOVATE\u013dA A V\u0160EOBECN\u00c9 INFORM\u00c1CIEFyzick\u00e1 osoba \u2013 podnikate\u013eka Ing. Andrea Jur\u010d\u00edkov\u00e1, so s\u00eddlom 082 21 Ve\u013ek\u00fd \u0160ari\u0161 &#8211; Kana\u0161, ul. Za kostolom 14\/A, Slovensko (\u010falej ako \u201ePrev\u00e1dzkovate\u013e\u201c) prev\u00e1dzkuje webov\u00fd port\u00e1l www.spiritmediumandrea.sk (\u010falej ako \u201ePort\u00e1l\u201c), na ktorom s\u00fa zhroma\u017e\u010fovan\u00e9 \u00fadaje o fyzick\u00fdch osob\u00e1ch. V s\u00favislosti so slu\u017ebami poskytovan\u00fdmi Prev\u00e1dzkovate\u013eom na Port\u00e1li [&hellip;]","og_url":"https:\/\/www.spiritmediumandrea.sk\/en\/zasady-ochrany-osobnych-udajov-gdpr\/","og_site_name":"Ing. Andrea Jurcikov\u00e1","article_modified_time":"2025-07-24T13:46:33+00:00","twitter_card":"summary_large_image","twitter_misc":{"Est. reading time":"7 minutes"},"schema":{"@context":"https:\/\/schema.org","@graph":[{"@type":"WebPage","@id":"https:\/\/www.spiritmediumandrea.sk\/zasady-ochrany-osobnych-udajov-gdpr\/","url":"https:\/\/www.spiritmediumandrea.sk\/zasady-ochrany-osobnych-udajov-gdpr\/","name":"Z\u00e1sady ochrany osobn\u00fdch \u00fadajov (GDPR) - Ing. Andrea Jurcikov\u00e1","isPartOf":{"@id":"https:\/\/www.spiritmediumandrea.sk\/#website"},"datePublished":"2025-07-24T12:49:19+00:00","dateModified":"2025-07-24T13:46:33+00:00","breadcrumb":{"@id":"https:\/\/www.spiritmediumandrea.sk\/zasady-ochrany-osobnych-udajov-gdpr\/#breadcrumb"},"inLanguage":"en-US","potentialAction":[{"@type":"ReadAction","target":["https:\/\/www.spiritmediumandrea.sk\/zasady-ochrany-osobnych-udajov-gdpr\/"]}]},{"@type":"BreadcrumbList","@id":"https:\/\/www.spiritmediumandrea.sk\/zasady-ochrany-osobnych-udajov-gdpr\/#breadcrumb","itemListElement":[{"@type":"ListItem","position":1,"name":"Domovsk\u00e1 str\u00e1nka","item":"https:\/\/www.spiritmediumandrea.sk\/"},{"@type":"ListItem","position":2,"name":"Z\u00e1sady ochrany osobn\u00fdch \u00fadajov (GDPR)"}]},{"@type":"WebSite","@id":"https:\/\/www.spiritmediumandrea.sk\/#website","url":"https:\/\/www.spiritmediumandrea.sk\/","name":"Ing. Andrea Jurcikov\u00e1","description":"Poradenstvo a terapie","potentialAction":[{"@type":"SearchAction","target":{"@type":"EntryPoint","urlTemplate":"https:\/\/www.spiritmediumandrea.sk\/?s={search_term_string}"},"query-input":{"@type":"PropertyValueSpecification","valueRequired":true,"valueName":"search_term_string"}}],"inLanguage":"en-US"}]}},"_links":{"self":[{"href":"https:\/\/www.spiritmediumandrea.sk\/en\/wp-json\/wp\/v2\/pages\/2548","targetHints":{"allow":["GET"]}}],"collection":[{"href":"https:\/\/www.spiritmediumandrea.sk\/en\/wp-json\/wp\/v2\/pages"}],"about":[{"href":"https:\/\/www.spiritmediumandrea.sk\/en\/wp-json\/wp\/v2\/types\/page"}],"author":[{"embeddable":true,"href":"https:\/\/www.spiritmediumandrea.sk\/en\/wp-json\/wp\/v2\/users\/3"}],"replies":[{"embeddable":true,"href":"https:\/\/www.spiritmediumandrea.sk\/en\/wp-json\/wp\/v2\/comments?post=2548"}],"version-history":[{"count":4,"href":"https:\/\/www.spiritmediumandrea.sk\/en\/wp-json\/wp\/v2\/pages\/2548\/revisions"}],"predecessor-version":[{"id":2578,"href":"https:\/\/www.spiritmediumandrea.sk\/en\/wp-json\/wp\/v2\/pages\/2548\/revisions\/2578"}],"wp:attachment":[{"href":"https:\/\/www.spiritmediumandrea.sk\/en\/wp-json\/wp\/v2\/media?parent=2548"}],"curies":[{"name":"wp","href":"https:\/\/api.w.org\/{rel}","templated":true}]}}